{"id":102,"date":"2023-11-01T12:28:45","date_gmt":"2023-11-01T11:28:45","guid":{"rendered":"http:\/\/lavoixbelle.com\/index.php\/mesmerize\/"},"modified":"2023-11-26T17:20:24","modified_gmt":"2023-11-26T16:20:24","slug":"enregistrement-de-musique-classique-et-baroque","status":"publish","type":"page","link":"https:\/\/lavoixbelle.com\/","title":{"rendered":"Accueil"},"content":{"rendered":"","protected":false},"excerpt":{"rendered":"","protected":false},"author":1,"featured_media":0,"parent":0,"menu_order":0,"comment_status":"closed","ping_status":"closed","template":"page-templates\/homepage.php","meta":{"footnotes":""},"class_list":["post-102","page","type-page","status-publish","hentry"],"yoast_head":"<!-- This site is optimized with the Yoast SEO plugin v21.5 - https:\/\/yoast.com\/wordpress\/plugins\/seo\/ -->\n<title>-Enregistrement de musique classique et baroque - Accueil - La Voix Belle.<\/title>\n<meta name=\"description\" content=\"La voix belle est une soci\u00e9t\u00e9 sp\u00e9cialis\u00e9e dans l&#039;enregistrement de musique acoustique.Nous vous accompagnons dans tous vos projets d&#039;enregistrement de musique classique et baroque.\" \/>\n<meta name=\"robots\" content=\"index, follow, max-snippet:-1, max-image-preview:large, max-video-preview:-1\" \/>\n<link rel=\"canonical\" href=\"https:\/\/lavoixbelle.com\/\" \/>\n<meta property=\"og:locale\" content=\"fr_FR\" \/>\n<meta property=\"og:type\" content=\"article\" \/>\n<meta property=\"og:title\" content=\"-Enregistrement de musique classique et baroque - Accueil - La Voix Belle.\" \/>\n<meta property=\"og:description\" content=\"La voix belle est une soci\u00e9t\u00e9 sp\u00e9cialis\u00e9e dans l&#039;enregistrement de musique acoustique.Nous vous accompagnons dans tous vos projets d&#039;enregistrement de musique classique et baroque.\" \/>\n<meta property=\"og:url\" content=\"https:\/\/lavoixbelle.com\/\" \/>\n<meta property=\"og:site_name\" content=\"La Voix Belle\" \/>\n<meta property=\"article:modified_time\" content=\"2023-11-26T16:20:24+00:00\" \/>\n<meta name=\"twitter:card\" content=\"summary_large_image\" \/>\n<script type=\"application\/ld+json\" class=\"yoast-schema-graph\">{\"@context\":\"https:\/\/schema.org\",\"@graph\":[{\"@type\":\"WebPage\",\"@id\":\"https:\/\/lavoixbelle.com\/\",\"url\":\"https:\/\/lavoixbelle.com\/\",\"name\":\"-Enregistrement de musique classique et baroque - Accueil - La Voix Belle.\",\"isPartOf\":{\"@id\":\"https:\/\/lavoixbelle.com\/#website\"},\"datePublished\":\"2023-11-01T11:28:45+00:00\",\"dateModified\":\"2023-11-26T16:20:24+00:00\",\"description\":\"La voix belle est une soci\u00e9t\u00e9 sp\u00e9cialis\u00e9e dans l'enregistrement de musique acoustique.Nous vous accompagnons dans tous vos projets d'enregistrement de musique classique et baroque.\",\"breadcrumb\":{\"@id\":\"https:\/\/lavoixbelle.com\/#breadcrumb\"},\"inLanguage\":\"fr-FR\",\"potentialAction\":[{\"@type\":\"ReadAction\",\"target\":[\"https:\/\/lavoixbelle.com\/\"]}]},{\"@type\":\"BreadcrumbList\",\"@id\":\"https:\/\/lavoixbelle.com\/#breadcrumb\",\"itemListElement\":[{\"@type\":\"ListItem\",\"position\":1,\"name\":\"Accueil\",\"item\":\"https:\/\/lavoixbelle.com\/\"},{\"@type\":\"ListItem\",\"position\":2,\"name\":\"Accueil\"}]},{\"@type\":\"WebSite\",\"@id\":\"https:\/\/lavoixbelle.com\/#website\",\"url\":\"https:\/\/lavoixbelle.com\/\",\"name\":\"La Voix Belle\",\"description\":\"\",\"publisher\":{\"@id\":\"https:\/\/lavoixbelle.com\/#organization\"},\"potentialAction\":[{\"@type\":\"SearchAction\",\"target\":{\"@type\":\"EntryPoint\",\"urlTemplate\":\"https:\/\/lavoixbelle.com\/?s={search_term_string}\"},\"query-input\":\"required name=search_term_string\"}],\"inLanguage\":\"fr-FR\"},{\"@type\":\"Organization\",\"@id\":\"https:\/\/lavoixbelle.com\/#organization\",\"name\":\"La Voix Belle\",\"url\":\"https:\/\/lavoixbelle.com\/\",\"logo\":{\"@type\":\"ImageObject\",\"inLanguage\":\"fr-FR\",\"@id\":\"https:\/\/lavoixbelle.com\/#\/schema\/logo\/image\/\",\"url\":\"https:\/\/lavoixbelle.com\/wp-content\/uploads\/2022\/04\/Logo-LVB-1.png\",\"contentUrl\":\"https:\/\/lavoixbelle.com\/wp-content\/uploads\/2022\/04\/Logo-LVB-1.png\",\"width\":2096,\"height\":617,\"caption\":\"La Voix Belle\"},\"image\":{\"@id\":\"https:\/\/lavoixbelle.com\/#\/schema\/logo\/image\/\"}}]}<\/script>\n<!-- \/ Yoast SEO plugin. -->","yoast_head_json":{"title":"-Enregistrement de musique classique et baroque - Accueil - La Voix Belle.","description":"La voix belle est une soci\u00e9t\u00e9 sp\u00e9cialis\u00e9e dans l'enregistrement de musique acoustique.Nous vous accompagnons dans tous vos projets d'enregistrement de musique classique et baroque.","robots":{"index":"index","follow":"follow","max-snippet":"max-snippet:-1","max-image-preview":"max-image-preview:large","max-video-preview":"max-video-preview:-1"},"canonical":"https:\/\/lavoixbelle.com\/","og_locale":"fr_FR","og_type":"article","og_title":"-Enregistrement de musique classique et baroque - Accueil - La Voix Belle.","og_description":"La voix belle est une soci\u00e9t\u00e9 sp\u00e9cialis\u00e9e dans l'enregistrement de musique acoustique.Nous vous accompagnons dans tous vos projets d'enregistrement de musique classique et baroque.","og_url":"https:\/\/lavoixbelle.com\/","og_site_name":"La Voix Belle","article_modified_time":"2023-11-26T16:20:24+00:00","twitter_card":"summary_large_image","schema":{"@context":"https:\/\/schema.org","@graph":[{"@type":"WebPage","@id":"https:\/\/lavoixbelle.com\/","url":"https:\/\/lavoixbelle.com\/","name":"-Enregistrement de musique classique et baroque - Accueil - La Voix Belle.","isPartOf":{"@id":"https:\/\/lavoixbelle.com\/#website"},"datePublished":"2023-11-01T11:28:45+00:00","dateModified":"2023-11-26T16:20:24+00:00","description":"La voix belle est une soci\u00e9t\u00e9 sp\u00e9cialis\u00e9e dans l'enregistrement de musique acoustique.Nous vous accompagnons dans tous vos projets d'enregistrement de musique classique et baroque.","breadcrumb":{"@id":"https:\/\/lavoixbelle.com\/#breadcrumb"},"inLanguage":"fr-FR","potentialAction":[{"@type":"ReadAction","target":["https:\/\/lavoixbelle.com\/"]}]},{"@type":"BreadcrumbList","@id":"https:\/\/lavoixbelle.com\/#breadcrumb","itemListElement":[{"@type":"ListItem","position":1,"name":"Accueil","item":"https:\/\/lavoixbelle.com\/"},{"@type":"ListItem","position":2,"name":"Accueil"}]},{"@type":"WebSite","@id":"https:\/\/lavoixbelle.com\/#website","url":"https:\/\/lavoixbelle.com\/","name":"La Voix Belle","description":"","publisher":{"@id":"https:\/\/lavoixbelle.com\/#organization"},"potentialAction":[{"@type":"SearchAction","target":{"@type":"EntryPoint","urlTemplate":"https:\/\/lavoixbelle.com\/?s={search_term_string}"},"query-input":"required name=search_term_string"}],"inLanguage":"fr-FR"},{"@type":"Organization","@id":"https:\/\/lavoixbelle.com\/#organization","name":"La Voix Belle","url":"https:\/\/lavoixbelle.com\/","logo":{"@type":"ImageObject","inLanguage":"fr-FR","@id":"https:\/\/lavoixbelle.com\/#\/schema\/logo\/image\/","url":"https:\/\/lavoixbelle.com\/wp-content\/uploads\/2022\/04\/Logo-LVB-1.png","contentUrl":"https:\/\/lavoixbelle.com\/wp-content\/uploads\/2022\/04\/Logo-LVB-1.png","width":2096,"height":617,"caption":"La Voix Belle"},"image":{"@id":"https:\/\/lavoixbelle.com\/#\/schema\/logo\/image\/"}}]}},"_links":{"self":[{"href":"https:\/\/lavoixbelle.com\/index.php\/wp-json\/wp\/v2\/pages\/102","targetHints":{"allow":["GET"]}}],"collection":[{"href":"https:\/\/lavoixbelle.com\/index.php\/wp-json\/wp\/v2\/pages"}],"about":[{"href":"https:\/\/lavoixbelle.com\/index.php\/wp-json\/wp\/v2\/types\/page"}],"author":[{"embeddable":true,"href":"https:\/\/lavoixbelle.com\/index.php\/wp-json\/wp\/v2\/users\/1"}],"replies":[{"embeddable":true,"href":"https:\/\/lavoixbelle.com\/index.php\/wp-json\/wp\/v2\/comments?post=102"}],"version-history":[{"count":3,"href":"https:\/\/lavoixbelle.com\/index.php\/wp-json\/wp\/v2\/pages\/102\/revisions"}],"predecessor-version":[{"id":129,"href":"https:\/\/lavoixbelle.com\/index.php\/wp-json\/wp\/v2\/pages\/102\/revisions\/129"}],"wp:attachment":[{"href":"https:\/\/lavoixbelle.com\/index.php\/wp-json\/wp\/v2\/media?parent=102"}],"curies":[{"name":"wp","href":"https:\/\/api.w.org\/{rel}","templated":true}]}}